{"id":11,"date":"2021-02-19T10:33:29","date_gmt":"2021-02-19T09:33:29","guid":{"rendered":"http:\/\/studiorondanini.it\/?page_id=11"},"modified":"2021-05-14T00:33:37","modified_gmt":"2021-05-13T22:33:37","slug":"chi-siamo","status":"publish","type":"page","link":"http:\/\/studiorondanini.it\/?page_id=11","title":{"rendered":"Chi Siamo"},"content":{"rendered":"\n<p class=\"has-text-align-left\" style=\"font-size:18px\">Dal 1993, lo studio opera nell&#8217;ambito della consulenza fiscale e del lavoro  in Firenze. Vengono seguite tutte le fasi di un&#8217;impresa, dalla focalizzazione dell&#8217;idea imprenditoriale e l&#8217;analisi delle sue possibilit\u00e0 di successo, alla sua realizzazione, passando attraverso il supporto per eventuali finanziamenti bancari e il rilascio di autorizzazioni da parte di enti o organismi pubblici. Viene suggerita, la forma giuridica che pi\u00f9 si pu\u00f2 adattare alle esigenze del cliente e della sua futura attivit\u00e0 imprenditoriale. <\/p>\n\n\n\n<p class=\"has-text-align-left\" style=\"font-size:18px\">Quello che vogliamo fornire \u00e8 un servizio personalizzato, finalizzato a creare un rapporto di stretta collaborazione con il cliente, indipendentemente dalla sua dimensione iniziale. Supportarlo in tutte le sue scelte e aiutarlo a superare i momenti di difficolt\u00e0 che potrebbero arrivare durante il suo percorso imprenditoriale. Il motto dello studio \u00e8 &#8220;crescere insieme&#8221;.<\/p>\n\n\n\n<figure class=\"wp-block-image size-large is-style-default\"><img loading=\"lazy\" decoding=\"async\" width=\"2000\" height=\"1333\" src=\"http:\/\/studiorondanini.it\/wp-content\/uploads\/2021\/03\/DSC_0550_00001.jpg\" alt=\"\" class=\"wp-image-70\"\/><\/figure>\n\n\n\n<p><\/p>\n","protected":false},"excerpt":{"rendered":"<p>Dal 1993, lo studio opera nell&#8217;ambito della consulenza fiscale e del lavoro in Firenze. Vengono seguite tutte le fasi di un&#8217;impresa, dalla focalizzazione dell&#8217;idea imprenditoriale e l&#8217;analisi delle sue possibilit\u00e0 di successo, alla sua realizzazione, passando attraverso il supporto per &hellip; <a href=\"http:\/\/studiorondanini.it\/?page_id=11\">Continua<\/a><\/p>\n","protected":false},"author":1,"featured_media":0,"parent":0,"menu_order":0,"comment_status":"closed","ping_status":"closed","template":"","meta":{"kt_blocks_editor_width":"","footnotes":""},"class_list":["post-11","page","type-page","status-publish","hentry"],"_links":{"self":[{"href":"http:\/\/studiorondanini.it\/index.php?rest_route=\/wp\/v2\/pages\/11","targetHints":{"allow":["GET"]}}],"collection":[{"href":"http:\/\/studiorondanini.it\/index.php?rest_route=\/wp\/v2\/pages"}],"about":[{"href":"http:\/\/studiorondanini.it\/index.php?rest_route=\/wp\/v2\/types\/page"}],"author":[{"embeddable":true,"href":"http:\/\/studiorondanini.it\/index.php?rest_route=\/wp\/v2\/users\/1"}],"replies":[{"embeddable":true,"href":"http:\/\/studiorondanini.it\/index.php?rest_route=%2Fwp%2Fv2%2Fcomments&post=11"}],"version-history":[{"count":7,"href":"http:\/\/studiorondanini.it\/index.php?rest_route=\/wp\/v2\/pages\/11\/revisions"}],"predecessor-version":[{"id":113,"href":"http:\/\/studiorondanini.it\/index.php?rest_route=\/wp\/v2\/pages\/11\/revisions\/113"}],"wp:attachment":[{"href":"http:\/\/studiorondanini.it\/index.php?rest_route=%2Fwp%2Fv2%2Fmedia&parent=11"}],"curies":[{"name":"wp","href":"https:\/\/api.w.org\/{rel}","templated":true}]}}