{"id":10,"date":"2021-02-19T10:33:29","date_gmt":"2021-02-19T09:33:29","guid":{"rendered":"http:\/\/studiorondanini.it\/?page_id=10"},"modified":"2021-03-22T13:05:06","modified_gmt":"2021-03-22T12:05:06","slug":"homepage","status":"publish","type":"page","link":"http:\/\/studiorondanini.it\/","title":{"rendered":"News"},"content":{"rendered":"\n<h3 class=\"wp-block-heading\">Decreto Sostegno, testo in arrivo: le principali novit\u00e0 sui contributi a fondo perduto<\/h3>\n\n\n\n<p>Tra le novit\u00e0 principali del&nbsp;<strong>testo del Decreto Sostegno<\/strong>&nbsp;c\u2019\u00e8 il&nbsp;<strong><a href=\"https:\/\/www.informazionefiscale.it\/contributi-a-fondo-perduto-decreto-sostegno-calo-fatturato-beneficiari\">nuovo meccanismo di accesso ai contributi a fondo perduto<\/a><\/strong>&nbsp;che non solo conferma una grande novit\u00e0 annunciata gi\u00e0 a inizio anno, il superamento dei codici ATECO con l\u2019inclusione anche dei&nbsp;<strong>professionisti tra i beneficiari<\/strong>, ma riscrive le regole d\u2019accesso in pi\u00f9 punti.<\/p>\n\n\n\n<p>Queste le principali novit\u00e0 relative ai&nbsp;<strong>contributi a fondo perduto del decreto Sostegno<\/strong>:<\/p>\n\n\n\n<ul class=\"wp-block-list\"><li>requisito chiave resta il&nbsp;<strong>calo di fatturato<\/strong>: il valore determinante scende dal 33 al 30 per cento;<\/li><li>la valutazione viene effettuata&nbsp;<strong>confrontando il 2020 e il 2019<\/strong>, in particolare si prender\u00e0 in considerazione il calo medio mensile;<\/li><li>i&nbsp;<strong>codici ATECO<\/strong>&nbsp;non rappresentano pi\u00f9 un elemento rilevante per l\u2019accesso, in questo modo si concede un via libera anche ai professionisti che hanno atteso a lungo di poter essere inclusi in questo meccanismo di aiuti;<\/li><li><strong>cresce il limite di ricavi e compensi<\/strong>&nbsp;entro il quale \u00e8 possibile richiedere l\u2019aiuto: passa da 5 a&nbsp;<strong>10 milioni di euro;<\/strong><\/li><li>si definisce una&nbsp;<strong>nuova modalit\u00e0 di calcolo dell\u2019importo<\/strong>&nbsp;che, pure, per quanto riguarda il valore minimo e massimo dovrebbe rimanere lo stesso (da un minimo di 1.000 o 2.000 euro in base alla tipologia di soggetti fino a 150.000 euro). Le novit\u00e0 riguardano gli scaglioni di riferimento per determinare, in base alla perdita, la somma a cui si ha diritto;<\/li><li>cambia anche&nbsp;<strong>la modalit\u00e0 di utilizzo degli importi<\/strong>: accanto al pagamento diretto si aggiunge la possibilit\u00e0 di utilizzare le somma in compensazione tramite modello F24.<\/li><\/ul>\n\n\n\n<p>Di seguito le&nbsp;<strong>percentuali per il calcolo del contributo a fondo perduto<\/strong>&nbsp;in base ai ricavi e compensi.<\/p>\n\n\n\n<figure class=\"wp-block-table\"><table><thead><tr><th>Percentuale di calcolo dell\u2019importo del contributo a fondo perduto<\/th><th>Ricavi e compensi di imprese e professionisti<\/th><\/tr><\/thead><tbody><tr><td>60 per cento della perdita<\/td><td>fino a 100 mila euro<\/td><\/tr><tr><td>50 per cento della perdita<\/td><td>tra 100 mila e 400 mila euro<\/td><\/tr><tr><td>40 per cento della perdita<\/td><td>tra 400 mila euro e 1 milione di euro<\/td><\/tr><tr><td>30 per cento della perdita<\/td><td>tra un milione e 5 milioni di euro<\/td><\/tr><tr><td>20 per cento della perdita<\/td><td>tra 5 e 10 milioni di euro<\/td><\/tr><\/tbody><\/table><\/figure>\n\n\n\n<p>Per fare domanda si attende in tempi stretti il provvedimento dell\u2019Agenzia delle Entrate.<\/p>\n","protected":false},"excerpt":{"rendered":"<p>Decreto Sostegno, testo in arrivo: le principali novit\u00e0 sui contributi a fondo perduto Tra le novit\u00e0 principali del&nbsp;testo del Decreto Sostegno&nbsp;c\u2019\u00e8 il&nbsp;nuovo meccanismo di accesso ai contributi a fondo perduto&nbsp;che non solo conferma una grande novit\u00e0 annunciata gi\u00e0 a inizio &hellip; <a href=\"http:\/\/studiorondanini.it\/\">Continua<\/a><\/p>\n","protected":false},"author":1,"featured_media":0,"parent":0,"menu_order":0,"comment_status":"closed","ping_status":"closed","template":"","meta":{"kt_blocks_editor_width":"","footnotes":""},"class_list":["post-10","page","type-page","status-publish","hentry"],"_links":{"self":[{"href":"http:\/\/studiorondanini.it\/index.php?rest_route=\/wp\/v2\/pages\/10","targetHints":{"allow":["GET"]}}],"collection":[{"href":"http:\/\/studiorondanini.it\/index.php?rest_route=\/wp\/v2\/pages"}],"about":[{"href":"http:\/\/studiorondanini.it\/index.php?rest_route=\/wp\/v2\/types\/page"}],"author":[{"embeddable":true,"href":"http:\/\/studiorondanini.it\/index.php?rest_route=\/wp\/v2\/users\/1"}],"replies":[{"embeddable":true,"href":"http:\/\/studiorondanini.it\/index.php?rest_route=%2Fwp%2Fv2%2Fcomments&post=10"}],"version-history":[{"count":3,"href":"http:\/\/studiorondanini.it\/index.php?rest_route=\/wp\/v2\/pages\/10\/revisions"}],"predecessor-version":[{"id":114,"href":"http:\/\/studiorondanini.it\/index.php?rest_route=\/wp\/v2\/pages\/10\/revisions\/114"}],"wp:attachment":[{"href":"http:\/\/studiorondanini.it\/index.php?rest_route=%2Fwp%2Fv2%2Fmedia&parent=10"}],"curies":[{"name":"wp","href":"https:\/\/api.w.org\/{rel}","templated":true}]}}